{"id":2,"date":"2016-05-10T03:48:21","date_gmt":"2016-05-10T03:48:21","guid":{"rendered":"http:\/\/wp452m.a10-52-158-154.qa.plesk.ru\/wordpress\/?page_id=2"},"modified":"2021-12-06T14:37:12","modified_gmt":"2021-12-06T14:37:12","slug":"sample-page","status":"publish","type":"page","link":"https:\/\/burg6-10.de\/","title":{"rendered":""},"content":{"rendered":"\n[et_pb_section][et_pb_row][et_pb_column type=&#8220;4_4&#8243;][et_pb_text]<h1 style=\"text-align: center;\">Willkommen in der<\/h1>\n<h1 style=\"text-align: center;\">KREATIVEN HERLINGSBURG<\/h1>\n\n<hr>\n<p style=\"text-align: left;\"><img loading=\"lazy\" decoding=\"async\" class=\"wp-image-30 alignright\" src=\"http:\/\/burg6-10.de\/wp-content\/uploads\/2016\/11\/2.OG-Flur-225x300.jpg\" alt=\"2-og-flur\" width=\"200\" height=\"267\" srcset=\"https:\/\/burg6-10.de\/wp-content\/uploads\/2016\/11\/2.OG-Flur-225x300.jpg 225w, https:\/\/burg6-10.de\/wp-content\/uploads\/2016\/11\/2.OG-Flur-768x1024.jpg 768w\" sizes=\"(max-width: 200px) 100vw, 200px\" \/>Unsere &#8222;Burg&#8220; ist ein Kreativ-Center, f\u00fcr Ateliers, B\u00fcros, Studios etc. Wir sind eine bunte Mischung an Start-ups und kleinen Firmen von Kreativen und Selbstst\u00e4ndigen.<\/p>\n<p style=\"text-align: left;\">Die zwei Obergeschosse haben jeweils eine Fl\u00e4che von ca. 380m\u00b2. Die Fl\u00e4che ist in versch. Einheiten von meist ca. 25m\u00b2 unterteilt. Das Geb\u00e4ude verf\u00fcgt \u00fcber einen Lastenaufzug (Tragkraft 1.500 Kg) und Rampe. Deckenlast 500 kg\/m\u00b2. Zufahrt und Parkpl\u00e4tze \u00fcber den Innenhof. Pro Etage gibt es eine Gemeinschaftsk\u00fcche. Die B\u00fcros sind mit jeweils zwei Netzwerkanschl\u00fcssen ausgestattet. Es gibt getrennte WC&#8217;s (Damen\/Herren) im Treppenhaus.<\/p>\n&nbsp;\n<p style=\"text-align: justify;\"><img loading=\"lazy\" decoding=\"async\" class=\"alignnone wp-image-28\" src=\"http:\/\/burg6-10.de\/wp-content\/uploads\/2016\/11\/1.OG-Flur_1-300x170.jpg\" alt=\"1-og-flur_1\" width=\"231\" height=\"131\" srcset=\"https:\/\/burg6-10.de\/wp-content\/uploads\/2016\/11\/1.OG-Flur_1-300x170.jpg 300w, https:\/\/burg6-10.de\/wp-content\/uploads\/2016\/11\/1.OG-Flur_1-768x434.jpg 768w, https:\/\/burg6-10.de\/wp-content\/uploads\/2016\/11\/1.OG-Flur_1-1024x579.jpg 1024w\" sizes=\"(max-width: 231px) 100vw, 231px\" \/>&nbsp; &nbsp;&nbsp;<img loading=\"lazy\" decoding=\"async\" class=\"alignnone wp-image-31\" src=\"http:\/\/burg6-10.de\/wp-content\/uploads\/2016\/11\/2.OG-Flur_4-e1478183449976-300x169.jpg\" alt=\"2-og-flur_4\" width=\"235\" height=\"133\" srcset=\"https:\/\/burg6-10.de\/wp-content\/uploads\/2016\/11\/2.OG-Flur_4-e1478183449976-300x169.jpg 300w, https:\/\/burg6-10.de\/wp-content\/uploads\/2016\/11\/2.OG-Flur_4-e1478183449976-768x433.jpg 768w, https:\/\/burg6-10.de\/wp-content\/uploads\/2016\/11\/2.OG-Flur_4-e1478183449976-1024x577.jpg 1024w, https:\/\/burg6-10.de\/wp-content\/uploads\/2016\/11\/2.OG-Flur_4-e1478183449976-350x197.jpg 350w, https:\/\/burg6-10.de\/wp-content\/uploads\/2016\/11\/2.OG-Flur_4-e1478183449976-860x484.jpg 860w, https:\/\/burg6-10.de\/wp-content\/uploads\/2016\/11\/2.OG-Flur_4-e1478183449976.jpg 1140w\" sizes=\"(max-width: 235px) 100vw, 235px\" \/>&nbsp; &nbsp;&nbsp;<img loading=\"lazy\" decoding=\"async\" class=\"alignnone wp-image-23 \" src=\"http:\/\/burg6-10.de\/wp-content\/uploads\/2016\/11\/2.OG-K\u00fcche-300x170.jpg\" alt=\"2-og-kueche\" width=\"235\" height=\"133\" srcset=\"https:\/\/burg6-10.de\/wp-content\/uploads\/2016\/11\/2.OG-K\u00fcche-300x170.jpg 300w, https:\/\/burg6-10.de\/wp-content\/uploads\/2016\/11\/2.OG-K\u00fcche-768x434.jpg 768w, https:\/\/burg6-10.de\/wp-content\/uploads\/2016\/11\/2.OG-K\u00fcche-1024x579.jpg 1024w\" sizes=\"(max-width: 235px) 100vw, 235px\" \/><\/p>\n<p style=\"text-align: left;\"><a href=\"https:\/\/www.google.de\/maps\/place\/KREATIVE+HERLINGSBURG\/@53.5811945,9.9447152,15z\/data=!4m5!3m4!1s0x47b188aae3dadbb5:0x5b6cbe4a54811d36!8m2!3d53.585239!4d9.954575?hl=de&amp;authuser=0\" target=\"_blank\" rel=\"noopener\">Lage:<\/a><\/p>\n<img loading=\"lazy\" decoding=\"async\" class=\"size-medium wp-image-27 alignleft\" src=\"http:\/\/burg6-10.de\/wp-content\/uploads\/2016\/11\/Burghof-e1478182799743-300x158.jpg\" alt=\"burghof\" width=\"300\" height=\"158\" srcset=\"https:\/\/burg6-10.de\/wp-content\/uploads\/2016\/11\/Burghof-e1478182799743-300x158.jpg 300w, https:\/\/burg6-10.de\/wp-content\/uploads\/2016\/11\/Burghof-e1478182799743-768x405.jpg 768w, https:\/\/burg6-10.de\/wp-content\/uploads\/2016\/11\/Burghof-e1478182799743-1024x540.jpg 1024w\" sizes=\"(max-width: 300px) 100vw, 300px\" \/>Die KREATIVE HERLINGSBURG befindet sich in Hamburg-Lokstedt direkt an der Grenze zu Eimsb\u00fcttel und Hoheluft, in einem kleinen und ruhigen Gewerbegebiet. Die belebte Osterstrasse im Herzen von Eimsb\u00fcttel ist nur wenige Autominuten entfernt, Fu\u00dfweg ca. 15 Minuten. Dort gibt es jede Menge Restaurants, Caf\u00e9s und Einkaufsm\u00f6glichkeiten.\nDie \u00f6ffentlichen Verkehrsmittel sind fu\u00dfl\u00e4ufig zu erreichen. Der Bus 181 h\u00e4lt nur 300 m entfernt, zur U Bahn Station Lutterrothstr. (U2) sind es 800 m.\n\n&nbsp;[\/et_pb_text][\/et_pb_column][\/et_pb_row][\/et_pb_section]\n","protected":false},"excerpt":{"rendered":"<p>Willkommen in der KREATIVEN HERLINGSBURG Unsere&#8230;<\/p>\n","protected":false},"author":1,"featured_media":0,"parent":0,"menu_order":0,"comment_status":"closed","ping_status":"open","template":"","meta":{"_et_pb_use_builder":"on","_et_pb_old_content":"<h1 style=\"text-align: center;\">Willkommen in der<\/h1>\n<h1 style=\"text-align: center;\">KREATIVEN HERLINGSBURG<\/h1>\n\n<hr>\n<p style=\"text-align: left;\"><img class=\"wp-image-30 alignright\" src=\"http:\/\/burg6-10.de\/wp-content\/uploads\/2016\/11\/2.OG-Flur-225x300.jpg\" alt=\"2-og-flur\" width=\"200\" height=\"267\">Unsere \"Burg\" ist ein Kreativ-Center, f\u00fcr Ateliers, B\u00fcros, Studios etc. Wir sind eine bunte Mischung an Start-ups und kleinen Firmen von Kreativen und Selbstst\u00e4ndigen.<\/p>\n<p style=\"text-align: left;\">Die zwei Obergeschosse haben jeweils eine Fl\u00e4che von ca. 380m\u00b2. Die Fl\u00e4che ist in versch. Einheiten von meist ca. 25m\u00b2 unterteilt. Das Geb\u00e4ude verf\u00fcgt \u00fcber einen Lastenaufzug (Tragkraft 1.500 Kg) und Rampe. Deckenlast 500 kg\/m\u00b2. Zufahrt und Parkpl\u00e4tze \u00fcber den Innenhof. Pro Etage gibt es eine Gemeinschaftsk\u00fcche. Die B\u00fcros sind mit jeweils zwei Netzwerkanschl\u00fcssen ausgestattet. Es gibt getrennte WC's (Damen\/Herren) im Treppenhaus.<\/p>\n&nbsp;\n<p style=\"text-align: justify;\"><img class=\"alignnone wp-image-28\" src=\"http:\/\/burg6-10.de\/wp-content\/uploads\/2016\/11\/1.OG-Flur_1-300x170.jpg\" alt=\"1-og-flur_1\" width=\"231\" height=\"131\">&nbsp; &nbsp;&nbsp;<img class=\"alignnone wp-image-31\" src=\"http:\/\/burg6-10.de\/wp-content\/uploads\/2016\/11\/2.OG-Flur_4-e1478183449976-300x169.jpg\" alt=\"2-og-flur_4\" width=\"235\" height=\"133\">&nbsp; &nbsp;&nbsp;<img class=\"alignnone wp-image-23 \" src=\"http:\/\/burg6-10.de\/wp-content\/uploads\/2016\/11\/2.OG-K\u00fcche-300x170.jpg\" alt=\"2-og-kueche\" width=\"235\" height=\"133\"><\/p>\n<p style=\"text-align: left;\"><a href=\"https:\/\/www.google.de\/maps\/place\/KREATIVE+HERLINGSBURG\/@53.5811945,9.9447152,15z\/data=!4m5!3m4!1s0x47b188aae3dadbb5:0x5b6cbe4a54811d36!8m2!3d53.585239!4d9.954575?hl=de&amp;authuser=0\" target=\"_blank\" rel=\"noopener\">Lage:<\/a><\/p>\n<img class=\"size-medium wp-image-27 alignleft\" src=\"http:\/\/burg6-10.de\/wp-content\/uploads\/2016\/11\/Burghof-e1478182799743-300x158.jpg\" alt=\"burghof\" width=\"300\" height=\"158\">Die KREATIVE HERLINGSBURG befindet sich in Hamburg-Lokstedt direkt an der Grenze zu Eimsb\u00fcttel und Hoheluft, in einem kleinen und ruhigen Gewerbegebiet. Die belebte Osterstrasse im Herzen von Eimsb\u00fcttel ist nur wenige Autominuten entfernt, Fu\u00dfweg ca. 15 Minuten. Dort gibt es jede Menge Restaurants, Caf\u00e9s und Einkaufsm\u00f6glichkeiten.\nDie \u00f6ffentlichen Verkehrsmittel sind fu\u00dfl\u00e4ufig zu erreichen. Der Bus 181 h\u00e4lt nur 300 m entfernt, zur U Bahn Station Lutterrothstr. (U2) sind es 800 m.\n\n&nbsp;","_et_gb_content_width":"","footnotes":""},"_links":{"self":[{"href":"https:\/\/burg6-10.de\/index.php?rest_route=\/wp\/v2\/pages\/2"}],"collection":[{"href":"https:\/\/burg6-10.de\/index.php?rest_route=\/wp\/v2\/pages"}],"about":[{"href":"https:\/\/burg6-10.de\/index.php?rest_route=\/wp\/v2\/types\/page"}],"author":[{"embeddable":true,"href":"https:\/\/burg6-10.de\/index.php?rest_route=\/wp\/v2\/users\/1"}],"replies":[{"embeddable":true,"href":"https:\/\/burg6-10.de\/index.php?rest_route=%2Fwp%2Fv2%2Fcomments&post=2"}],"version-history":[{"count":53,"href":"https:\/\/burg6-10.de\/index.php?rest_route=\/wp\/v2\/pages\/2\/revisions"}],"predecessor-version":[{"id":130,"href":"https:\/\/burg6-10.de\/index.php?rest_route=\/wp\/v2\/pages\/2\/revisions\/130"}],"wp:attachment":[{"href":"https:\/\/burg6-10.de\/index.php?rest_route=%2Fwp%2Fv2%2Fmedia&parent=2"}],"curies":[{"name":"wp","href":"https:\/\/api.w.org\/{rel}","templated":true}]}}